{"id":316,"date":"2024-10-21T12:23:43","date_gmt":"2024-10-21T10:23:43","guid":{"rendered":"https:\/\/sslamm.mio.osupytheas.fr\/?page_id=316"},"modified":"2024-12-04T16:47:50","modified_gmt":"2024-12-04T15:47:50","slug":"science-en-cours","status":"publish","type":"page","link":"https:\/\/sslamm.mio.osupytheas.fr\/?page_id=316","title":{"rendered":"Science en cours"},"content":{"rendered":"\n<p><\/p>\n\n\n\n<p>LeBras Zoe (2024). Understanding Selenium biovolatilization through the spatial and temporal distribution of methylated species in marine and brackish ecosystems: from analytical method development to field application. Doctoral Thesis. <a href=\"https:\/\/doi.org\/10.3929\/ethz-b-000664464\">https:\/\/doi.org\/10.3929\/ethz-b-000664464<\/a><\/p>\n\n\n\n<p>Fuchs, R., Rossi, V., Caille, C., Bensoussan, N., Pinazo, C., Grosso, O., &amp; Thyssen, M. (2023). Intermittent Upwelling Events Trigger Delayed, Major, and Reproducible Pico-Nanophytoplankton Responses in Coastal Oligotrophic Waters. Geophysical Research Letters, 50(5), e2022GL102651. https:\/\/doi.org\/10.1029\/2022GL102651<\/p>\n\n\n\n<p>Fuchs R. <a href=\"https:\/\/www.sudoc.abes.fr\/cbs\/\/DB=2.1\/SET=1\/TTL=1\/CLK?IKT=1016&amp;TRM=Me%CC%81thodes+neuronales+et+donne%CC%81es+mixtes\">M\u00e9thodes neuronales et donn\u00e9es mixtes<\/a> : vers une meilleure r\u00e9solution spatio-temporelle des \u00e9cosyst\u00e8mes marins et du phytoplancton Doctoral Thesis. <a href=\"http:\/\/www.theses.fr\/2022AIXM0295\/document\">http:\/\/www.theses.fr\/2022AIXM0295\/document<\/a><\/p>\n\n\n\n<p>Fuchs, R., Thyssen, M., Creach, V., Dugenne, M., Izard, L., Latimier, M., Louchart, A., Marrec, P., Rijkeboer, M., Gr\u00e9gori, G., &amp; Pommeret, D. (2022). Automatic recognition of flow cytometric phytoplankton functional groups using convolutional neural networks. Limnology and Oceanography: Methods, 20(7), 387\u2011399. https:\/\/doi.org\/10.1002\/lom3.10493<\/p>\n\n\n\n<p>Ourgaud M., Nam Ngoc Phuong, Laure Papillon, Christos Panagiotopoulos, Fran\u00e7ois Galgani, Natascha Schmidt, Vincent Fauvelle, Christophe Brach-Papa, and Richard Semp\u00e9r\u00e9. (2022).  Identification and Quantification of Microplastics in the Marine Environment Using the Laser Direct Infrared (LDIR) Technique Environmental Science &amp; Technology. <em>56<\/em> (14), 9999-10009 DOI: 10.1021\/acs.est.1c08870<\/p>\n\n\n\n<p>Jiskra M, Heimb\u00fcrger-Boavida LE, Desgranges MM, et al. Mercury stable isotopes constrain atmospheric sources to the ocean. <em>Nature<\/em>. 2021;597(7878):678-682. doi:10.1038\/s41586-021-03859-8<\/p>\n\n\n\n<p><\/p>\n","protected":false},"excerpt":{"rendered":"<p>LeBras Zoe (2024). Understanding Selenium biovolatilization through the spatial and temporal distribution of methylated species in marine and brackish ecosystems: from analytical method development to field application. Doctoral Thesis. https:\/\/doi.org\/10.3929\/ethz-b-000664464 Fuchs, R., Rossi, V., Caille, C., Bensoussan, N., Pinazo, C., Grosso, O., &amp; Thyssen, M. (2023). Intermittent Upwelling Events Trigger Delayed, Major, and Reproducible Pico-Nanophytoplankton [&hellip;]<\/p>\n","protected":false},"author":6,"featured_media":0,"parent":0,"menu_order":0,"comment_status":"closed","ping_status":"closed","template":"","meta":{"ocean_post_layout":"","ocean_both_sidebars_style":"","ocean_both_sidebars_content_width":0,"ocean_both_sidebars_sidebars_width":0,"ocean_sidebar":"","ocean_second_sidebar":"","ocean_disable_margins":"enable","ocean_add_body_class":"","ocean_shortcode_before_top_bar":"","ocean_shortcode_after_top_bar":"","ocean_shortcode_before_header":"","ocean_shortcode_after_header":"","ocean_has_shortcode":"","ocean_shortcode_after_title":"","ocean_shortcode_before_footer_widgets":"","ocean_shortcode_after_footer_widgets":"","ocean_shortcode_before_footer_bottom":"","ocean_shortcode_after_footer_bottom":"","ocean_display_top_bar":"default","ocean_display_header":"default","ocean_header_style":"","ocean_center_header_left_menu":"","ocean_custom_header_template":"","ocean_custom_logo":0,"ocean_custom_retina_logo":0,"ocean_custom_logo_max_width":0,"ocean_custom_logo_tablet_max_width":0,"ocean_custom_logo_mobile_max_width":0,"ocean_custom_logo_max_height":0,"ocean_custom_logo_tablet_max_height":0,"ocean_custom_logo_mobile_max_height":0,"ocean_header_custom_menu":"","ocean_menu_typo_font_family":"","ocean_menu_typo_font_subset":"","ocean_menu_typo_font_size":0,"ocean_menu_typo_font_size_tablet":0,"ocean_menu_typo_font_size_mobile":0,"ocean_menu_typo_font_size_unit":"px","ocean_menu_typo_font_weight":"","ocean_menu_typo_font_weight_tablet":"","ocean_menu_typo_font_weight_mobile":"","ocean_menu_typo_transform":"","ocean_menu_typo_transform_tablet":"","ocean_menu_typo_transform_mobile":"","ocean_menu_typo_line_height":0,"ocean_menu_typo_line_height_tablet":0,"ocean_menu_typo_line_height_mobile":0,"ocean_menu_typo_line_height_unit":"","ocean_menu_typo_spacing":0,"ocean_menu_typo_spacing_tablet":0,"ocean_menu_typo_spacing_mobile":0,"ocean_menu_typo_spacing_unit":"","ocean_menu_link_color":"","ocean_menu_link_color_hover":"","ocean_menu_link_color_active":"","ocean_menu_link_background":"","ocean_menu_link_hover_background":"","ocean_menu_link_active_background":"","ocean_menu_social_links_bg":"","ocean_menu_social_hover_links_bg":"","ocean_menu_social_links_color":"","ocean_menu_social_hover_links_color":"","ocean_disable_title":"default","ocean_disable_heading":"default","ocean_post_title":"","ocean_post_subheading":"","ocean_post_title_style":"","ocean_post_title_background_color":"","ocean_post_title_background":0,"ocean_post_title_bg_image_position":"","ocean_post_title_bg_image_attachment":"","ocean_post_title_bg_image_repeat":"","ocean_post_title_bg_image_size":"","ocean_post_title_height":0,"ocean_post_title_bg_overlay":0.5,"ocean_post_title_bg_overlay_color":"","ocean_disable_breadcrumbs":"default","ocean_breadcrumbs_color":"","ocean_breadcrumbs_separator_color":"","ocean_breadcrumbs_links_color":"","ocean_breadcrumbs_links_hover_color":"","ocean_display_footer_widgets":"default","ocean_display_footer_bottom":"default","ocean_custom_footer_template":"","footnotes":""},"class_list":["post-316","page","type-page","status-publish","hentry","entry"],"_links":{"self":[{"href":"https:\/\/sslamm.mio.osupytheas.fr\/index.php?rest_route=\/wp\/v2\/pages\/316","targetHints":{"allow":["GET"]}}],"collection":[{"href":"https:\/\/sslamm.mio.osupytheas.fr\/index.php?rest_route=\/wp\/v2\/pages"}],"about":[{"href":"https:\/\/sslamm.mio.osupytheas.fr\/index.php?rest_route=\/wp\/v2\/types\/page"}],"author":[{"embeddable":true,"href":"https:\/\/sslamm.mio.osupytheas.fr\/index.php?rest_route=\/wp\/v2\/users\/6"}],"replies":[{"embeddable":true,"href":"https:\/\/sslamm.mio.osupytheas.fr\/index.php?rest_route=%2Fwp%2Fv2%2Fcomments&post=316"}],"version-history":[{"count":3,"href":"https:\/\/sslamm.mio.osupytheas.fr\/index.php?rest_route=\/wp\/v2\/pages\/316\/revisions"}],"predecessor-version":[{"id":472,"href":"https:\/\/sslamm.mio.osupytheas.fr\/index.php?rest_route=\/wp\/v2\/pages\/316\/revisions\/472"}],"wp:attachment":[{"href":"https:\/\/sslamm.mio.osupytheas.fr\/index.php?rest_route=%2Fwp%2Fv2%2Fmedia&parent=316"}],"curies":[{"name":"wp","href":"https:\/\/api.w.org\/{rel}","templated":true}]}}