{"id":312,"date":"2024-10-21T12:22:56","date_gmt":"2024-10-21T10:22:56","guid":{"rendered":"https:\/\/sslamm.mio.osupytheas.fr\/?page_id=312"},"modified":"2024-10-31T10:09:54","modified_gmt":"2024-10-31T09:09:54","slug":"la-science-au-sslmm","status":"publish","type":"page","link":"https:\/\/sslamm.mio.osupytheas.fr\/?page_id=312","title":{"rendered":"La science au SSL@MM (mais pas seulement)"},"content":{"rendered":"\n<p>2024= <\/p>\n\n\n\n<div class=\"wp-block-group\"><div class=\"wp-block-group__inner-container is-layout-constrained wp-block-group-is-layout-constrained\">\n<ul class=\"wp-block-list\">\n<li>\u00c9coutez le formidable travail de la compagnie EIDOLA qui a \u00e9tabli une de ses r\u00e9sidences au SSL@MM: <a href=\"https:\/\/cieeidola.bandcamp.com\/track\/bande-annonce-infimes-oc-ans-dans-lobscure-chambre-claire-tome-1\" target=\"_blank\" rel=\"noreferrer noopener\">BA Infimes Oc\u00e9ans<\/a>\n<ul class=\"wp-block-list\">\n<li><em>Infimes Oc\u00e9ans&nbsp;<\/em>est&nbsp;une immersion sonore, sensorielle et po\u00e9tique dans le monde fabuleux et m\u00e9connu des phytoplanctons con\u00e7u par la Compagnie Eidola en collaboration avec deux chercheuses oc\u00e9anographes du CNRS: Marina L\u00e9vy, co-directrice du labo L&#8217;OCEAN \u00e0 la Sorbonne et Melilotus Thyssen de l&#8217;Institut M\u00e9diterran\u00e9en d&#8217;Oc\u00e9anologie de Marseille.&nbsp;<\/li>\n\n\n\n<li>Le spectacle est une exp\u00e9rience qui se vit les yeux band\u00e9s, une&nbsp;invitation&nbsp;pour les spectateur.rices \u00e0 se cr\u00e9er leur propre monde imaginaire. Il embarque le public dans un voyage m\u00e9ditatif&nbsp;travers\u00e9 par un ensemble&nbsp;de&nbsp;textes po\u00e9tiques et scientifiques et&nbsp;compl\u00e9ment\u00e9 par des effets tactiles et olfactifs. Les r\u00e9cits illustrent \u00e0 la fois le cycle naturel&nbsp;de&nbsp;ces organismes et proposent une immersion dans la psych\u00e9 et les r\u00eaves d\u2019une chercheuse. Visions oniriques oc\u00e9aniques et sensibilisation p\u00e9dagogique au fragile \u00e9cosyst\u00e8me marin s\u2019entrem\u00ealent alors pour un voyage en submersion totale.&nbsp;<\/li>\n<\/ul>\n<\/li>\n<\/ul>\n\n\n\n<p class=\"has-text-align-center\">Site:&nbsp;<a href=\"https:\/\/www.helloasso.com\/associations\/eidolascope\" target=\"_blank\" rel=\"noreferrer noopener\">Eidolascope<\/a><\/p>\n\n\n\n<p class=\"has-text-align-center\">Facebook:&nbsp;<a href=\"https:\/\/www.facebook.com\/profile.php?id=100087579301501\" target=\"_blank\" rel=\"noreferrer noopener\">Cie Eidola<\/a><\/p>\n<\/div><\/div>\n\n\n\n<p>2023=<\/p>\n\n\n\n<p>Juin 2023= La seconde \u00e9cole d&#8217;\u00e9t\u00e9 BioConTam est accueilli en parti au SSL@MM:<a href=\"https:\/\/www.mio.osupytheas.fr\/fr\/ecole-dete-biocontam\/\">https:\/\/www.mio.osupytheas.fr\/fr\/ecole-dete-biocontam\/<\/a><\/p>\n\n\n\n<p><\/p>\n\n\n\n<p>2022=<\/p>\n\n\n\n<p>Octobre 2022=Le SSL@MM accueille l&#8217;\u00e9cole th\u00e9matique CytoExpert : <a href=\"https:\/\/www.odatis-ocean.fr\/en\/news\/cytometrie-en-flux-bilan-de-lecole-thematique-cytoexpert-2022\">https:\/\/www.odatis-ocean.fr\/en\/news\/cytometrie-en-flux-bilan-de-lecole-thematique-cytoexpert-2022<\/a><\/p>\n\n\n\n<p>Juin 2022= La premi\u00e8re \u00e9cole d&#8217;\u00e9t\u00e9 BioConTam se d\u00e9roule \u00e0 la station marine<\/p>\n\n\n\n<div class=\"wp-block-group is-nowrap is-layout-flex wp-container-core-group-is-layout-ad2f72ca wp-block-group-is-layout-flex\"><\/div>\n\n\n\n<p><\/p>\n","protected":false},"excerpt":{"rendered":"<p>2024= Site:&nbsp;Eidolascope Facebook:&nbsp;Cie Eidola 2023= Juin 2023= La seconde \u00e9cole d&#8217;\u00e9t\u00e9 BioConTam est accueilli en parti au SSL@MM:https:\/\/www.mio.osupytheas.fr\/fr\/ecole-dete-biocontam\/ 2022= Octobre 2022=Le SSL@MM accueille l&#8217;\u00e9cole th\u00e9matique CytoExpert : https:\/\/www.odatis-ocean.fr\/en\/news\/cytometrie-en-flux-bilan-de-lecole-thematique-cytoexpert-2022 Juin 2022= La premi\u00e8re \u00e9cole d&#8217;\u00e9t\u00e9 BioConTam se d\u00e9roule \u00e0 la station marine<\/p>\n","protected":false},"author":6,"featured_media":0,"parent":0,"menu_order":0,"comment_status":"closed","ping_status":"closed","template":"","meta":{"ocean_post_layout":"","ocean_both_sidebars_style":"","ocean_both_sidebars_content_width":0,"ocean_both_sidebars_sidebars_width":0,"ocean_sidebar":"","ocean_second_sidebar":"","ocean_disable_margins":"enable","ocean_add_body_class":"","ocean_shortcode_before_top_bar":"","ocean_shortcode_after_top_bar":"","ocean_shortcode_before_header":"","ocean_shortcode_after_header":"","ocean_has_shortcode":"","ocean_shortcode_after_title":"","ocean_shortcode_before_footer_widgets":"","ocean_shortcode_after_footer_widgets":"","ocean_shortcode_before_footer_bottom":"","ocean_shortcode_after_footer_bottom":"","ocean_display_top_bar":"default","ocean_display_header":"default","ocean_header_style":"","ocean_center_header_left_menu":"","ocean_custom_header_template":"","ocean_custom_logo":0,"ocean_custom_retina_logo":0,"ocean_custom_logo_max_width":0,"ocean_custom_logo_tablet_max_width":0,"ocean_custom_logo_mobile_max_width":0,"ocean_custom_logo_max_height":0,"ocean_custom_logo_tablet_max_height":0,"ocean_custom_logo_mobile_max_height":0,"ocean_header_custom_menu":"","ocean_menu_typo_font_family":"","ocean_menu_typo_font_subset":"","ocean_menu_typo_font_size":0,"ocean_menu_typo_font_size_tablet":0,"ocean_menu_typo_font_size_mobile":0,"ocean_menu_typo_font_size_unit":"px","ocean_menu_typo_font_weight":"","ocean_menu_typo_font_weight_tablet":"","ocean_menu_typo_font_weight_mobile":"","ocean_menu_typo_transform":"","ocean_menu_typo_transform_tablet":"","ocean_menu_typo_transform_mobile":"","ocean_menu_typo_line_height":0,"ocean_menu_typo_line_height_tablet":0,"ocean_menu_typo_line_height_mobile":0,"ocean_menu_typo_line_height_unit":"","ocean_menu_typo_spacing":0,"ocean_menu_typo_spacing_tablet":0,"ocean_menu_typo_spacing_mobile":0,"ocean_menu_typo_spacing_unit":"","ocean_menu_link_color":"","ocean_menu_link_color_hover":"","ocean_menu_link_color_active":"","ocean_menu_link_background":"","ocean_menu_link_hover_background":"","ocean_menu_link_active_background":"","ocean_menu_social_links_bg":"","ocean_menu_social_hover_links_bg":"","ocean_menu_social_links_color":"","ocean_menu_social_hover_links_color":"","ocean_disable_title":"default","ocean_disable_heading":"default","ocean_post_title":"","ocean_post_subheading":"","ocean_post_title_style":"","ocean_post_title_background_color":"","ocean_post_title_background":0,"ocean_post_title_bg_image_position":"","ocean_post_title_bg_image_attachment":"","ocean_post_title_bg_image_repeat":"","ocean_post_title_bg_image_size":"","ocean_post_title_height":0,"ocean_post_title_bg_overlay":0.5,"ocean_post_title_bg_overlay_color":"","ocean_disable_breadcrumbs":"default","ocean_breadcrumbs_color":"","ocean_breadcrumbs_separator_color":"","ocean_breadcrumbs_links_color":"","ocean_breadcrumbs_links_hover_color":"","ocean_display_footer_widgets":"default","ocean_display_footer_bottom":"default","ocean_custom_footer_template":"","footnotes":""},"class_list":["post-312","page","type-page","status-publish","hentry","entry"],"_links":{"self":[{"href":"https:\/\/sslamm.mio.osupytheas.fr\/index.php?rest_route=\/wp\/v2\/pages\/312","targetHints":{"allow":["GET"]}}],"collection":[{"href":"https:\/\/sslamm.mio.osupytheas.fr\/index.php?rest_route=\/wp\/v2\/pages"}],"about":[{"href":"https:\/\/sslamm.mio.osupytheas.fr\/index.php?rest_route=\/wp\/v2\/types\/page"}],"author":[{"embeddable":true,"href":"https:\/\/sslamm.mio.osupytheas.fr\/index.php?rest_route=\/wp\/v2\/users\/6"}],"replies":[{"embeddable":true,"href":"https:\/\/sslamm.mio.osupytheas.fr\/index.php?rest_route=%2Fwp%2Fv2%2Fcomments&post=312"}],"version-history":[{"count":8,"href":"https:\/\/sslamm.mio.osupytheas.fr\/index.php?rest_route=\/wp\/v2\/pages\/312\/revisions"}],"predecessor-version":[{"id":466,"href":"https:\/\/sslamm.mio.osupytheas.fr\/index.php?rest_route=\/wp\/v2\/pages\/312\/revisions\/466"}],"wp:attachment":[{"href":"https:\/\/sslamm.mio.osupytheas.fr\/index.php?rest_route=%2Fwp%2Fv2%2Fmedia&parent=312"}],"curies":[{"name":"wp","href":"https:\/\/api.w.org\/{rel}","templated":true}]}}