{"id":309,"date":"2024-10-21T12:20:27","date_gmt":"2024-10-21T10:20:27","guid":{"rendered":"https:\/\/sslamm.mio.osupytheas.fr\/?page_id=309"},"modified":"2024-10-29T17:01:34","modified_gmt":"2024-10-29T16:01:34","slug":"demandes-et-installation","status":"publish","type":"page","link":"https:\/\/sslamm.mio.osupytheas.fr\/?page_id=309","title":{"rendered":"Demandes et installation"},"content":{"rendered":"\n<p>Expression des besoins : Avez vous besoin d&#8217;une ou deux paillasses, quel  d\u00e9bit, ou pression, sur quelle dur\u00e9e. Ces informations nous permettrons de savoir si nous pouvons r\u00e9pondre \u00e0 vos besoin.<\/p>\n\n\n\n<p>A t\u00e9l\u00e9charger et \u00e0 remplir:<\/p>\n\n\n\n<div class=\"wp-block-file\"><a id=\"wp-block-file--media-1a829065-505e-443c-ada2-213c24caf05f\" href=\"https:\/\/sslamm.mio.osupytheas.fr\/wp-content\/uploads\/2020\/01\/Pre-installationformSSLAMM.docx\">Pre-installationformSSLAMM<\/a><a href=\"https:\/\/sslamm.mio.osupytheas.fr\/wp-content\/uploads\/2020\/01\/Pre-installationformSSLAMM.docx\" class=\"wp-block-file__button wp-element-button\" download aria-describedby=\"wp-block-file--media-1a829065-505e-443c-ada2-213c24caf05f\">T\u00e9l\u00e9charger<\/a><\/div>\n\n\n\n<p><\/p>\n\n\n\n<p>GRR: Avant de faire une demande, vous pouvez aller voir si des paillasses sont disponibles sur les p\u00e9riodes qui vous int\u00e9ressent, si vous \u00eates OSU Pytheas, vous pouvez inscrire votre demande, sinon, envoyer nous vos options.<\/p>\n\n\n\n<p>Aller dans MIO-Endoume puis MIO-SSLAMM:<\/p>\n\n\n\n<p><a href=\"https:\/\/grr.osupytheas.fr\/day.php?year=2024&amp;month=10&amp;day=29&amp;id_site=27\">https:\/\/grr.osupytheas.fr\/day.php?year=2024&amp;month=10&amp;day=29&amp;id_site=27<\/a><\/p>\n\n\n\n<p><\/p>\n\n\n\n<p>Charte d&#8217;installation: Avant de venir, nous vous demander de valider et signer la charte d&#8217;installation du SSL@MM:<\/p>\n\n\n\n<div class=\"wp-block-file\"><a id=\"wp-block-file--media-ba773241-0438-4316-be6e-db070c4ab64f\" href=\"https:\/\/sslamm.mio.osupytheas.fr\/wp-content\/uploads\/2023\/01\/Charte_SSLAMM_V6_1septembre2021.odt\">Charte_SSLAMM_V6_1septembre2021<\/a><a href=\"https:\/\/sslamm.mio.osupytheas.fr\/wp-content\/uploads\/2023\/01\/Charte_SSLAMM_V6_1septembre2021.odt\" class=\"wp-block-file__button wp-element-button\" download aria-describedby=\"wp-block-file--media-ba773241-0438-4316-be6e-db070c4ab64f\">T\u00e9l\u00e9charger<\/a><\/div>\n\n\n\n<p><\/p>\n","protected":false},"excerpt":{"rendered":"<p>Expression des besoins : Avez vous besoin d&#8217;une ou deux paillasses, quel d\u00e9bit, ou pression, sur quelle dur\u00e9e. Ces informations nous permettrons de savoir si nous pouvons r\u00e9pondre \u00e0 vos besoin. A t\u00e9l\u00e9charger et \u00e0 remplir: GRR: Avant de faire une demande, vous pouvez aller voir si des paillasses sont disponibles sur les p\u00e9riodes qui [&hellip;]<\/p>\n","protected":false},"author":6,"featured_media":0,"parent":0,"menu_order":0,"comment_status":"closed","ping_status":"closed","template":"","meta":{"ocean_post_layout":"","ocean_both_sidebars_style":"","ocean_both_sidebars_content_width":0,"ocean_both_sidebars_sidebars_width":0,"ocean_sidebar":"","ocean_second_sidebar":"","ocean_disable_margins":"enable","ocean_add_body_class":"","ocean_shortcode_before_top_bar":"","ocean_shortcode_after_top_bar":"","ocean_shortcode_before_header":"","ocean_shortcode_after_header":"","ocean_has_shortcode":"","ocean_shortcode_after_title":"","ocean_shortcode_before_footer_widgets":"","ocean_shortcode_after_footer_widgets":"","ocean_shortcode_before_footer_bottom":"","ocean_shortcode_after_footer_bottom":"","ocean_display_top_bar":"default","ocean_display_header":"default","ocean_header_style":"","ocean_center_header_left_menu":"","ocean_custom_header_template":"","ocean_custom_logo":0,"ocean_custom_retina_logo":0,"ocean_custom_logo_max_width":0,"ocean_custom_logo_tablet_max_width":0,"ocean_custom_logo_mobile_max_width":0,"ocean_custom_logo_max_height":0,"ocean_custom_logo_tablet_max_height":0,"ocean_custom_logo_mobile_max_height":0,"ocean_header_custom_menu":"","ocean_menu_typo_font_family":"","ocean_menu_typo_font_subset":"","ocean_menu_typo_font_size":0,"ocean_menu_typo_font_size_tablet":0,"ocean_menu_typo_font_size_mobile":0,"ocean_menu_typo_font_size_unit":"px","ocean_menu_typo_font_weight":"","ocean_menu_typo_font_weight_tablet":"","ocean_menu_typo_font_weight_mobile":"","ocean_menu_typo_transform":"","ocean_menu_typo_transform_tablet":"","ocean_menu_typo_transform_mobile":"","ocean_menu_typo_line_height":0,"ocean_menu_typo_line_height_tablet":0,"ocean_menu_typo_line_height_mobile":0,"ocean_menu_typo_line_height_unit":"","ocean_menu_typo_spacing":0,"ocean_menu_typo_spacing_tablet":0,"ocean_menu_typo_spacing_mobile":0,"ocean_menu_typo_spacing_unit":"","ocean_menu_link_color":"","ocean_menu_link_color_hover":"","ocean_menu_link_color_active":"","ocean_menu_link_background":"","ocean_menu_link_hover_background":"","ocean_menu_link_active_background":"","ocean_menu_social_links_bg":"","ocean_menu_social_hover_links_bg":"","ocean_menu_social_links_color":"","ocean_menu_social_hover_links_color":"","ocean_disable_title":"default","ocean_disable_heading":"default","ocean_post_title":"","ocean_post_subheading":"","ocean_post_title_style":"","ocean_post_title_background_color":"","ocean_post_title_background":0,"ocean_post_title_bg_image_position":"","ocean_post_title_bg_image_attachment":"","ocean_post_title_bg_image_repeat":"","ocean_post_title_bg_image_size":"","ocean_post_title_height":0,"ocean_post_title_bg_overlay":0.5,"ocean_post_title_bg_overlay_color":"","ocean_disable_breadcrumbs":"default","ocean_breadcrumbs_color":"","ocean_breadcrumbs_separator_color":"","ocean_breadcrumbs_links_color":"","ocean_breadcrumbs_links_hover_color":"","ocean_display_footer_widgets":"default","ocean_display_footer_bottom":"default","ocean_custom_footer_template":"","footnotes":""},"class_list":["post-309","page","type-page","status-publish","hentry","entry"],"_links":{"self":[{"href":"https:\/\/sslamm.mio.osupytheas.fr\/index.php?rest_route=\/wp\/v2\/pages\/309","targetHints":{"allow":["GET"]}}],"collection":[{"href":"https:\/\/sslamm.mio.osupytheas.fr\/index.php?rest_route=\/wp\/v2\/pages"}],"about":[{"href":"https:\/\/sslamm.mio.osupytheas.fr\/index.php?rest_route=\/wp\/v2\/types\/page"}],"author":[{"embeddable":true,"href":"https:\/\/sslamm.mio.osupytheas.fr\/index.php?rest_route=\/wp\/v2\/users\/6"}],"replies":[{"embeddable":true,"href":"https:\/\/sslamm.mio.osupytheas.fr\/index.php?rest_route=%2Fwp%2Fv2%2Fcomments&post=309"}],"version-history":[{"count":5,"href":"https:\/\/sslamm.mio.osupytheas.fr\/index.php?rest_route=\/wp\/v2\/pages\/309\/revisions"}],"predecessor-version":[{"id":400,"href":"https:\/\/sslamm.mio.osupytheas.fr\/index.php?rest_route=\/wp\/v2\/pages\/309\/revisions\/400"}],"wp:attachment":[{"href":"https:\/\/sslamm.mio.osupytheas.fr\/index.php?rest_route=%2Fwp%2Fv2%2Fmedia&parent=309"}],"curies":[{"name":"wp","href":"https:\/\/api.w.org\/{rel}","templated":true}]}}