{"id":274,"date":"2024-10-21T12:04:26","date_gmt":"2024-10-21T10:04:26","guid":{"rendered":"https:\/\/sslamm.mio.osupytheas.fr\/?page_id=274"},"modified":"2024-10-30T14:06:26","modified_gmt":"2024-10-30T13:06:26","slug":"sels-nutritifs-3-b-capteurs","status":"publish","type":"page","link":"https:\/\/sslamm.mio.osupytheas.fr\/?page_id=274","title":{"rendered":"Sels nutritifs"},"content":{"rendered":"\n<p>Les sels nutritifs permettent de v\u00e9rifier le potentiel nutritif pour les microorganismes mais aussi pour les organismes benthiques.<\/p>\n\n\n\n<p>Nous effectuons au SSL@MM depuis le d\u00e9but, c&#8217;est \u00e0 dire, Septmbre 2019, des pr\u00e9levements \u00e0 la sortie d&#8217;un des robinets, pour un suivit des \u00e9lements suivants= Nitrate, nitrite, Silicate, et Ammonium.<\/p>\n\n\n\n<p>Ces analyses se font \u00e0 la plateforme du MIO, Plateforme like \u00c9l\u00e9ments biog\u00e8nes en Oc\u00e9anographie:<\/p>\n\n\n<a class=\"wp-block-read-more\" href=\"https:\/\/sslamm.mio.osupytheas.fr\/?page_id=274\" target=\"_self\">https:\/\/www.mio.osupytheas.fr\/fr\/recherche\/structures-techniques\/<span class=\"screen-reader-text\">\u00a0: Sels nutritifs<\/span><\/a>","protected":false},"excerpt":{"rendered":"<p>Les sels nutritifs permettent de v\u00e9rifier le potentiel nutritif pour les microorganismes mais aussi pour les organismes benthiques. Nous effectuons au SSL@MM depuis le d\u00e9but, c&#8217;est \u00e0 dire, Septmbre 2019, des pr\u00e9levements \u00e0 la sortie d&#8217;un des robinets, pour un suivit des \u00e9lements suivants= Nitrate, nitrite, Silicate, et Ammonium. Ces analyses se font \u00e0 la [&hellip;]<\/p>\n","protected":false},"author":6,"featured_media":0,"parent":0,"menu_order":0,"comment_status":"closed","ping_status":"closed","template":"","meta":{"ocean_post_layout":"","ocean_both_sidebars_style":"","ocean_both_sidebars_content_width":0,"ocean_both_sidebars_sidebars_width":0,"ocean_sidebar":"","ocean_second_sidebar":"","ocean_disable_margins":"enable","ocean_add_body_class":"","ocean_shortcode_before_top_bar":"","ocean_shortcode_after_top_bar":"","ocean_shortcode_before_header":"","ocean_shortcode_after_header":"","ocean_has_shortcode":"","ocean_shortcode_after_title":"","ocean_shortcode_before_footer_widgets":"","ocean_shortcode_after_footer_widgets":"","ocean_shortcode_before_footer_bottom":"","ocean_shortcode_after_footer_bottom":"","ocean_display_top_bar":"default","ocean_display_header":"default","ocean_header_style":"","ocean_center_header_left_menu":"","ocean_custom_header_template":"","ocean_custom_logo":0,"ocean_custom_retina_logo":0,"ocean_custom_logo_max_width":0,"ocean_custom_logo_tablet_max_width":0,"ocean_custom_logo_mobile_max_width":0,"ocean_custom_logo_max_height":0,"ocean_custom_logo_tablet_max_height":0,"ocean_custom_logo_mobile_max_height":0,"ocean_header_custom_menu":"","ocean_menu_typo_font_family":"","ocean_menu_typo_font_subset":"","ocean_menu_typo_font_size":0,"ocean_menu_typo_font_size_tablet":0,"ocean_menu_typo_font_size_mobile":0,"ocean_menu_typo_font_size_unit":"px","ocean_menu_typo_font_weight":"","ocean_menu_typo_font_weight_tablet":"","ocean_menu_typo_font_weight_mobile":"","ocean_menu_typo_transform":"","ocean_menu_typo_transform_tablet":"","ocean_menu_typo_transform_mobile":"","ocean_menu_typo_line_height":0,"ocean_menu_typo_line_height_tablet":0,"ocean_menu_typo_line_height_mobile":0,"ocean_menu_typo_line_height_unit":"","ocean_menu_typo_spacing":0,"ocean_menu_typo_spacing_tablet":0,"ocean_menu_typo_spacing_mobile":0,"ocean_menu_typo_spacing_unit":"","ocean_menu_link_color":"","ocean_menu_link_color_hover":"","ocean_menu_link_color_active":"","ocean_menu_link_background":"","ocean_menu_link_hover_background":"","ocean_menu_link_active_background":"","ocean_menu_social_links_bg":"","ocean_menu_social_hover_links_bg":"","ocean_menu_social_links_color":"","ocean_menu_social_hover_links_color":"","ocean_disable_title":"default","ocean_disable_heading":"default","ocean_post_title":"","ocean_post_subheading":"","ocean_post_title_style":"","ocean_post_title_background_color":"","ocean_post_title_background":0,"ocean_post_title_bg_image_position":"","ocean_post_title_bg_image_attachment":"","ocean_post_title_bg_image_repeat":"","ocean_post_title_bg_image_size":"","ocean_post_title_height":0,"ocean_post_title_bg_overlay":0.5,"ocean_post_title_bg_overlay_color":"","ocean_disable_breadcrumbs":"default","ocean_breadcrumbs_color":"","ocean_breadcrumbs_separator_color":"","ocean_breadcrumbs_links_color":"","ocean_breadcrumbs_links_hover_color":"","ocean_display_footer_widgets":"default","ocean_display_footer_bottom":"default","ocean_custom_footer_template":"","footnotes":""},"class_list":["post-274","page","type-page","status-publish","hentry","entry"],"_links":{"self":[{"href":"https:\/\/sslamm.mio.osupytheas.fr\/index.php?rest_route=\/wp\/v2\/pages\/274","targetHints":{"allow":["GET"]}}],"collection":[{"href":"https:\/\/sslamm.mio.osupytheas.fr\/index.php?rest_route=\/wp\/v2\/pages"}],"about":[{"href":"https:\/\/sslamm.mio.osupytheas.fr\/index.php?rest_route=\/wp\/v2\/types\/page"}],"author":[{"embeddable":true,"href":"https:\/\/sslamm.mio.osupytheas.fr\/index.php?rest_route=\/wp\/v2\/users\/6"}],"replies":[{"embeddable":true,"href":"https:\/\/sslamm.mio.osupytheas.fr\/index.php?rest_route=%2Fwp%2Fv2%2Fcomments&post=274"}],"version-history":[{"count":4,"href":"https:\/\/sslamm.mio.osupytheas.fr\/index.php?rest_route=\/wp\/v2\/pages\/274\/revisions"}],"predecessor-version":[{"id":431,"href":"https:\/\/sslamm.mio.osupytheas.fr\/index.php?rest_route=\/wp\/v2\/pages\/274\/revisions\/431"}],"wp:attachment":[{"href":"https:\/\/sslamm.mio.osupytheas.fr\/index.php?rest_route=%2Fwp%2Fv2%2Fmedia&parent=274"}],"curies":[{"name":"wp","href":"https:\/\/api.w.org\/{rel}","templated":true}]}}