{"id":256,"date":"2024-10-21T11:39:33","date_gmt":"2024-10-21T09:39:33","guid":{"rendered":"https:\/\/sslamm.mio.osupytheas.fr\/?page_id=256"},"modified":"2024-10-30T14:13:10","modified_gmt":"2024-10-30T13:13:10","slug":"entretien-2-b-le-labo","status":"publish","type":"page","link":"https:\/\/sslamm.mio.osupytheas.fr\/?page_id=256","title":{"rendered":"Entretien"},"content":{"rendered":"\n<p>Afin que l&#8217;eau de mer qui arrive \u00e0 la sortie des robinets dans le laboratoire soient la m\u00eame que celle pomp\u00e9e dans la calanque, il faut veiller \u00e0 ce qu&#8217;il n&#8217;y ai pas de contamination.<\/p>\n\n\n\n<p>Il y a tout d&#8217;abord la s\u00e9lection des mat\u00e9riaux qui acheminent l&#8217;eau de mer, la plus part des surfaces sont en PP et PEHD, le tube de la pompe est en EPDM. Limitant la contamination en m\u00e9taux lourds.<\/p>\n\n\n\n<p>Ensuite, il y a le biofouling. Il y a toute une strat\u00e9gie mise en place pour nettoyer de la cr\u00e9pine au laboratoire, tout en pr\u00e9servant le milieu.<\/p>\n\n\n\n<p>La cr\u00e9pine= elle est bross\u00e9e toutes les semaines par l&#8217;<a href=\"https:\/\/www.mio.osupytheas.fr\/fr\/recherche\/structures-techniques\/service-atmosphere-mer-sam\/\" data-type=\"link\" data-id=\"https:\/\/www.mio.osupytheas.fr\/fr\/recherche\/structures-techniques\/service-atmosphere-mer-sam\/\">\u00e9quipe de plong\u00e9e du SAM.<\/a><\/p>\n\n\n\n<p>Le tuyau en 40= il est nettoy\u00e9 au KARCHER haute pression avec furet de 20m une fois par mois, de la cr\u00e9pine \u00e0 la pompe, mais aussi de la pompe au laboratoire.<\/p>\n\n\n\n<p>Le laboratoire= il est nettoy\u00e9 deux fois par semaines avec une solution concentr\u00e9e en eau oxyg\u00e9n\u00e9e. Le syst\u00e8me hydraulique du laboratoire est compl\u00e9tement isol\u00e9 de l&#8217;int\u00e9rieur, en entr\u00e9e comment en sortie, nous faisons circuler gr\u00e2ce \u00e0 une pompe interne et un syst\u00e8me \u00e0 plusieurs entr\u00e9es, une solution concentr\u00e9e, pendant plusieurs heures, puis rinc\u00e9e abondamment.<\/p>\n\n\n\n<p>Toutes les semaines, nous passons de l&#8217;eau douce dans le r\u00e9seau du laboratoire pour limiter la prolif\u00e9ration des organismes sur les parois du r\u00e9seaux.<\/p>\n\n\n\n<p>Le tube de la pompe p\u00e9ristaltique est chang\u00e9 tous les 3 mois.<\/p>\n\n\n\n<figure class=\"wp-block-gallery has-nested-images columns-default is-cropped wp-block-gallery-1 is-layout-flex wp-block-gallery-is-layout-flex\">\n<figure class=\"wp-block-image size-large\"><img loading=\"lazy\" decoding=\"async\" width=\"768\" height=\"1024\" data-id=\"84\" src=\"https:\/\/sslamm.mio.osupytheas.fr\/wp-content\/uploads\/2020\/01\/20190911_150641-768x1024.jpg\" alt=\"\" class=\"wp-image-84\" srcset=\"https:\/\/sslamm.mio.osupytheas.fr\/wp-content\/uploads\/2020\/01\/20190911_150641-768x1024.jpg 768w, https:\/\/sslamm.mio.osupytheas.fr\/wp-content\/uploads\/2020\/01\/20190911_150641-225x300.jpg 225w, https:\/\/sslamm.mio.osupytheas.fr\/wp-content\/uploads\/2020\/01\/20190911_150641-1152x1536.jpg 1152w, https:\/\/sslamm.mio.osupytheas.fr\/wp-content\/uploads\/2020\/01\/20190911_150641-1536x2048.jpg 1536w, https:\/\/sslamm.mio.osupytheas.fr\/wp-content\/uploads\/2020\/01\/20190911_150641-scaled.jpg 1920w\" sizes=\"auto, (max-width: 768px) 100vw, 768px\" \/><figcaption class=\"wp-element-caption\">Le karcher, qui permet de r\u00e9curer les tuyaux de l&#8217;int\u00e9rieur.<\/figcaption><\/figure>\n\n\n\n<figure class=\"wp-block-image size-large\"><img loading=\"lazy\" decoding=\"async\" width=\"768\" height=\"1024\" data-id=\"187\" src=\"https:\/\/sslamm.mio.osupytheas.fr\/wp-content\/uploads\/2023\/01\/IMG_20220303_114315-768x1024.jpg\" alt=\"\" class=\"wp-image-187\" srcset=\"https:\/\/sslamm.mio.osupytheas.fr\/wp-content\/uploads\/2023\/01\/IMG_20220303_114315-768x1024.jpg 768w, https:\/\/sslamm.mio.osupytheas.fr\/wp-content\/uploads\/2023\/01\/IMG_20220303_114315-225x300.jpg 225w, https:\/\/sslamm.mio.osupytheas.fr\/wp-content\/uploads\/2023\/01\/IMG_20220303_114315-1152x1536.jpg 1152w, https:\/\/sslamm.mio.osupytheas.fr\/wp-content\/uploads\/2023\/01\/IMG_20220303_114315-1536x2048.jpg 1536w, https:\/\/sslamm.mio.osupytheas.fr\/wp-content\/uploads\/2023\/01\/IMG_20220303_114315-scaled.jpg 1920w\" sizes=\"auto, (max-width: 768px) 100vw, 768px\" \/><figcaption class=\"wp-element-caption\">Entretient de la pompe peristaltique, un changement de tube requi\u00e8re un changement d&#8217;huile. Olivier Grosso, responsable technique du SSL@MM<\/figcaption><\/figure>\n\n\n\n<figure class=\"wp-block-image size-large\"><img loading=\"lazy\" decoding=\"async\" width=\"768\" height=\"1024\" data-id=\"86\" src=\"https:\/\/sslamm.mio.osupytheas.fr\/wp-content\/uploads\/2020\/01\/20190913_153512-768x1024.jpg\" alt=\"\" class=\"wp-image-86\" srcset=\"https:\/\/sslamm.mio.osupytheas.fr\/wp-content\/uploads\/2020\/01\/20190913_153512-768x1024.jpg 768w, https:\/\/sslamm.mio.osupytheas.fr\/wp-content\/uploads\/2020\/01\/20190913_153512-225x300.jpg 225w, https:\/\/sslamm.mio.osupytheas.fr\/wp-content\/uploads\/2020\/01\/20190913_153512-1152x1536.jpg 1152w, https:\/\/sslamm.mio.osupytheas.fr\/wp-content\/uploads\/2020\/01\/20190913_153512-1536x2048.jpg 1536w, https:\/\/sslamm.mio.osupytheas.fr\/wp-content\/uploads\/2020\/01\/20190913_153512-scaled.jpg 1920w\" sizes=\"auto, (max-width: 768px) 100vw, 768px\" \/><figcaption class=\"wp-element-caption\">Nettoyage \u00e0 l&#8217;eau oxygen\u00e9e concentr\u00e9e, gr\u00e2ce \u00e0 un systeme de distribution homog\u00e8ne sur les 6 robinets. Nettoyage en circuit ferm\u00e9 et isol\u00e9.<\/figcaption><\/figure>\n\n\n\n<figure class=\"wp-block-image size-large\"><img loading=\"lazy\" decoding=\"async\" width=\"768\" height=\"1024\" data-id=\"78\" src=\"https:\/\/sslamm.mio.osupytheas.fr\/wp-content\/uploads\/2020\/01\/20190911_150515-768x1024.jpg\" alt=\"\" class=\"wp-image-78\" srcset=\"https:\/\/sslamm.mio.osupytheas.fr\/wp-content\/uploads\/2020\/01\/20190911_150515-768x1024.jpg 768w, https:\/\/sslamm.mio.osupytheas.fr\/wp-content\/uploads\/2020\/01\/20190911_150515-225x300.jpg 225w, https:\/\/sslamm.mio.osupytheas.fr\/wp-content\/uploads\/2020\/01\/20190911_150515-1152x1536.jpg 1152w, https:\/\/sslamm.mio.osupytheas.fr\/wp-content\/uploads\/2020\/01\/20190911_150515-1536x2048.jpg 1536w, https:\/\/sslamm.mio.osupytheas.fr\/wp-content\/uploads\/2020\/01\/20190911_150515-scaled.jpg 1920w\" sizes=\"auto, (max-width: 768px) 100vw, 768px\" \/><\/figure>\n\n\n\n<figure class=\"wp-block-image size-large\"><img loading=\"lazy\" decoding=\"async\" width=\"1024\" height=\"680\" data-id=\"419\" src=\"https:\/\/sslamm.mio.osupytheas.fr\/wp-content\/uploads\/2024\/10\/20200729_SAC_DG_0004-1024x680.jpg\" alt=\"\" class=\"wp-image-419\" srcset=\"https:\/\/sslamm.mio.osupytheas.fr\/wp-content\/uploads\/2024\/10\/20200729_SAC_DG_0004-1024x680.jpg 1024w, https:\/\/sslamm.mio.osupytheas.fr\/wp-content\/uploads\/2024\/10\/20200729_SAC_DG_0004-300x199.jpg 300w, https:\/\/sslamm.mio.osupytheas.fr\/wp-content\/uploads\/2024\/10\/20200729_SAC_DG_0004-768x510.jpg 768w, https:\/\/sslamm.mio.osupytheas.fr\/wp-content\/uploads\/2024\/10\/20200729_SAC_DG_0004-1536x1020.jpg 1536w, https:\/\/sslamm.mio.osupytheas.fr\/wp-content\/uploads\/2024\/10\/20200729_SAC_DG_0004-2048x1360.jpg 2048w\" sizes=\"auto, (max-width: 1024px) 100vw, 1024px\" \/><figcaption class=\"wp-element-caption\">La cr\u00e9pine, bross\u00e9e par les soins de nos coll\u00e8gues plongeurs (ici, c&#8217;\u00e9tait un peu plus qu&#8217;une semaine)<\/figcaption><\/figure>\n\n\n\n<figure class=\"wp-block-image size-large\"><img loading=\"lazy\" decoding=\"async\" width=\"1024\" height=\"680\" data-id=\"420\" src=\"https:\/\/sslamm.mio.osupytheas.fr\/wp-content\/uploads\/2024\/10\/20200729_SAC_DG_0006-1024x680.jpg\" alt=\"\" class=\"wp-image-420\" srcset=\"https:\/\/sslamm.mio.osupytheas.fr\/wp-content\/uploads\/2024\/10\/20200729_SAC_DG_0006-1024x680.jpg 1024w, https:\/\/sslamm.mio.osupytheas.fr\/wp-content\/uploads\/2024\/10\/20200729_SAC_DG_0006-300x199.jpg 300w, https:\/\/sslamm.mio.osupytheas.fr\/wp-content\/uploads\/2024\/10\/20200729_SAC_DG_0006-768x510.jpg 768w, https:\/\/sslamm.mio.osupytheas.fr\/wp-content\/uploads\/2024\/10\/20200729_SAC_DG_0006-1536x1020.jpg 1536w, https:\/\/sslamm.mio.osupytheas.fr\/wp-content\/uploads\/2024\/10\/20200729_SAC_DG_0006-2048x1360.jpg 2048w\" sizes=\"auto, (max-width: 1024px) 100vw, 1024px\" \/><figcaption class=\"wp-element-caption\">La cr\u00e9pine, toute propre<\/figcaption><\/figure>\n\n\n\n<figure class=\"wp-block-image size-large\"><img loading=\"lazy\" decoding=\"async\" width=\"768\" height=\"1024\" data-id=\"411\" src=\"https:\/\/sslamm.mio.osupytheas.fr\/wp-content\/uploads\/2024\/10\/20190911_150606-768x1024.jpg\" alt=\"\" class=\"wp-image-411\" srcset=\"https:\/\/sslamm.mio.osupytheas.fr\/wp-content\/uploads\/2024\/10\/20190911_150606-768x1024.jpg 768w, https:\/\/sslamm.mio.osupytheas.fr\/wp-content\/uploads\/2024\/10\/20190911_150606-225x300.jpg 225w, https:\/\/sslamm.mio.osupytheas.fr\/wp-content\/uploads\/2024\/10\/20190911_150606-1152x1536.jpg 1152w, https:\/\/sslamm.mio.osupytheas.fr\/wp-content\/uploads\/2024\/10\/20190911_150606-1536x2048.jpg 1536w, https:\/\/sslamm.mio.osupytheas.fr\/wp-content\/uploads\/2024\/10\/20190911_150606-scaled.jpg 1920w\" sizes=\"auto, (max-width: 768px) 100vw, 768px\" \/><figcaption class=\"wp-element-caption\">Olivier Grosso et Robin Fuchs: petite pause nettoyage entre deux codages en python \ud83d\ude09<\/figcaption><\/figure>\n<\/figure>\n\n\n\n<p><\/p>\n","protected":false},"excerpt":{"rendered":"<p>Afin que l&#8217;eau de mer qui arrive \u00e0 la sortie des robinets dans le laboratoire soient la m\u00eame que celle pomp\u00e9e dans la calanque, il faut veiller \u00e0 ce qu&#8217;il n&#8217;y ai pas de contamination. Il y a tout d&#8217;abord la s\u00e9lection des mat\u00e9riaux qui acheminent l&#8217;eau de mer, la plus part des surfaces sont [&hellip;]<\/p>\n","protected":false},"author":6,"featured_media":0,"parent":0,"menu_order":0,"comment_status":"closed","ping_status":"closed","template":"","meta":{"ocean_post_layout":"","ocean_both_sidebars_style":"","ocean_both_sidebars_content_width":0,"ocean_both_sidebars_sidebars_width":0,"ocean_sidebar":"","ocean_second_sidebar":"","ocean_disable_margins":"enable","ocean_add_body_class":"","ocean_shortcode_before_top_bar":"","ocean_shortcode_after_top_bar":"","ocean_shortcode_before_header":"","ocean_shortcode_after_header":"","ocean_has_shortcode":"","ocean_shortcode_after_title":"","ocean_shortcode_before_footer_widgets":"","ocean_shortcode_after_footer_widgets":"","ocean_shortcode_before_footer_bottom":"","ocean_shortcode_after_footer_bottom":"","ocean_display_top_bar":"default","ocean_display_header":"default","ocean_header_style":"","ocean_center_header_left_menu":"","ocean_custom_header_template":"","ocean_custom_logo":0,"ocean_custom_retina_logo":0,"ocean_custom_logo_max_width":0,"ocean_custom_logo_tablet_max_width":0,"ocean_custom_logo_mobile_max_width":0,"ocean_custom_logo_max_height":0,"ocean_custom_logo_tablet_max_height":0,"ocean_custom_logo_mobile_max_height":0,"ocean_header_custom_menu":"","ocean_menu_typo_font_family":"","ocean_menu_typo_font_subset":"","ocean_menu_typo_font_size":0,"ocean_menu_typo_font_size_tablet":0,"ocean_menu_typo_font_size_mobile":0,"ocean_menu_typo_font_size_unit":"px","ocean_menu_typo_font_weight":"","ocean_menu_typo_font_weight_tablet":"","ocean_menu_typo_font_weight_mobile":"","ocean_menu_typo_transform":"","ocean_menu_typo_transform_tablet":"","ocean_menu_typo_transform_mobile":"","ocean_menu_typo_line_height":0,"ocean_menu_typo_line_height_tablet":0,"ocean_menu_typo_line_height_mobile":0,"ocean_menu_typo_line_height_unit":"","ocean_menu_typo_spacing":0,"ocean_menu_typo_spacing_tablet":0,"ocean_menu_typo_spacing_mobile":0,"ocean_menu_typo_spacing_unit":"","ocean_menu_link_color":"","ocean_menu_link_color_hover":"","ocean_menu_link_color_active":"","ocean_menu_link_background":"","ocean_menu_link_hover_background":"","ocean_menu_link_active_background":"","ocean_menu_social_links_bg":"","ocean_menu_social_hover_links_bg":"","ocean_menu_social_links_color":"","ocean_menu_social_hover_links_color":"","ocean_disable_title":"default","ocean_disable_heading":"default","ocean_post_title":"","ocean_post_subheading":"","ocean_post_title_style":"","ocean_post_title_background_color":"","ocean_post_title_background":0,"ocean_post_title_bg_image_position":"","ocean_post_title_bg_image_attachment":"","ocean_post_title_bg_image_repeat":"","ocean_post_title_bg_image_size":"","ocean_post_title_height":0,"ocean_post_title_bg_overlay":0.5,"ocean_post_title_bg_overlay_color":"","ocean_disable_breadcrumbs":"default","ocean_breadcrumbs_color":"","ocean_breadcrumbs_separator_color":"","ocean_breadcrumbs_links_color":"","ocean_breadcrumbs_links_hover_color":"","ocean_display_footer_widgets":"default","ocean_display_footer_bottom":"default","ocean_custom_footer_template":"","footnotes":""},"class_list":["post-256","page","type-page","status-publish","hentry","entry"],"_links":{"self":[{"href":"https:\/\/sslamm.mio.osupytheas.fr\/index.php?rest_route=\/wp\/v2\/pages\/256","targetHints":{"allow":["GET"]}}],"collection":[{"href":"https:\/\/sslamm.mio.osupytheas.fr\/index.php?rest_route=\/wp\/v2\/pages"}],"about":[{"href":"https:\/\/sslamm.mio.osupytheas.fr\/index.php?rest_route=\/wp\/v2\/types\/page"}],"author":[{"embeddable":true,"href":"https:\/\/sslamm.mio.osupytheas.fr\/index.php?rest_route=\/wp\/v2\/users\/6"}],"replies":[{"embeddable":true,"href":"https:\/\/sslamm.mio.osupytheas.fr\/index.php?rest_route=%2Fwp%2Fv2%2Fcomments&post=256"}],"version-history":[{"count":12,"href":"https:\/\/sslamm.mio.osupytheas.fr\/index.php?rest_route=\/wp\/v2\/pages\/256\/revisions"}],"predecessor-version":[{"id":436,"href":"https:\/\/sslamm.mio.osupytheas.fr\/index.php?rest_route=\/wp\/v2\/pages\/256\/revisions\/436"}],"wp:attachment":[{"href":"https:\/\/sslamm.mio.osupytheas.fr\/index.php?rest_route=%2Fwp%2Fv2%2Fmedia&parent=256"}],"curies":[{"name":"wp","href":"https:\/\/api.w.org\/{rel}","templated":true}]}}