{"id":252,"date":"2024-10-21T11:37:05","date_gmt":"2024-10-21T09:37:05","guid":{"rendered":"https:\/\/sslamm.mio.osupytheas.fr\/?page_id=252"},"modified":"2025-05-28T08:41:01","modified_gmt":"2025-05-28T06:41:01","slug":"description","status":"publish","type":"page","link":"https:\/\/sslamm.mio.osupytheas.fr\/?page_id=252","title":{"rendered":"Description"},"content":{"rendered":"\n<p>L&#8217;eau de mer est pomp\u00e9e \u00e0 la limite exterieure de la calanque aux cuivres, \u00e0 2 m de la surface sur un fond total de 5m.<\/p>\n\n\n\n<p>Un cr\u00e9pine confectionn\u00e9e \u00e0 fa\u00e7on limite l&#8217;aspiration de sacs plastiques ou de feuilles. L&#8217;eau de mer passe ensuite dans la digue, par des tuyaux de diam\u00e8tre 40 mm, prot\u00e9g\u00e9 sur son chemin par un coffrage en b\u00e9ton.<\/p>\n\n\n\n<p> L&#8217;acces au tuyau est possible tous les 10m environs, gr\u00e2ce \u00e0 des regards situ\u00e9s dans le coffrage en b\u00e9ton tout au long de la digue, et des T avec bouchons sur le tuyau. Apr\u00e9s un parcours de plus de 30 m, l&#8217;eau de mer passe dans une pompe p\u00e9ristaltique industrielle de type VERDERFLEX40, fix\u00e9e au sol dans un local prot\u00e9g\u00e9. <\/p>\n\n\n\n<p>L&#8217;eau de mer est ainsi propuls\u00e9e dans le laboratoire et rejoint le reseau hydraulique du laboratoire, compos\u00e9 de tuyaux en PP, de plus petits diam\u00e8tres, partag\u00e9 ensuite dans 6 robinets, coulant en continu dans de grand \u00e9vier, pour finalement retourner \u00e0 la mer.<\/p>\n\n\n\n<p><\/p>\n\n\n\n<div class=\"wp-block-group is-layout-grid wp-container-core-group-is-layout-9649a0d9 wp-block-group-is-layout-grid\">\n<figure class=\"wp-block-gallery has-nested-images columns-default is-cropped wp-block-gallery-1 is-layout-flex wp-block-gallery-is-layout-flex\">\n<figure class=\"wp-block-image size-full\"><img loading=\"lazy\" decoding=\"async\" width=\"2560\" height=\"1920\" data-id=\"384\" src=\"https:\/\/sslamm.mio.osupytheas.fr\/wp-content\/uploads\/2024\/10\/200207_SBL_LV-9-scaled.jpg\" alt=\"\" class=\"wp-image-384\" srcset=\"https:\/\/sslamm.mio.osupytheas.fr\/wp-content\/uploads\/2024\/10\/200207_SBL_LV-9-scaled.jpg 2560w, https:\/\/sslamm.mio.osupytheas.fr\/wp-content\/uploads\/2024\/10\/200207_SBL_LV-9-300x225.jpg 300w, https:\/\/sslamm.mio.osupytheas.fr\/wp-content\/uploads\/2024\/10\/200207_SBL_LV-9-1024x768.jpg 1024w, https:\/\/sslamm.mio.osupytheas.fr\/wp-content\/uploads\/2024\/10\/200207_SBL_LV-9-768x576.jpg 768w, https:\/\/sslamm.mio.osupytheas.fr\/wp-content\/uploads\/2024\/10\/200207_SBL_LV-9-1536x1152.jpg 1536w, https:\/\/sslamm.mio.osupytheas.fr\/wp-content\/uploads\/2024\/10\/200207_SBL_LV-9-2048x1536.jpg 2048w\" sizes=\"auto, (max-width: 2560px) 100vw, 2560px\" \/><\/figure>\n<\/figure>\n\n\n\n<figure class=\"wp-block-image size-large\"><img loading=\"lazy\" decoding=\"async\" width=\"768\" height=\"1024\" src=\"https:\/\/sslamm.mio.osupytheas.fr\/wp-content\/uploads\/2024\/10\/20190911_150416-768x1024.jpg\" alt=\"\" class=\"wp-image-386\" srcset=\"https:\/\/sslamm.mio.osupytheas.fr\/wp-content\/uploads\/2024\/10\/20190911_150416-768x1024.jpg 768w, https:\/\/sslamm.mio.osupytheas.fr\/wp-content\/uploads\/2024\/10\/20190911_150416-225x300.jpg 225w, https:\/\/sslamm.mio.osupytheas.fr\/wp-content\/uploads\/2024\/10\/20190911_150416-1152x1536.jpg 1152w, https:\/\/sslamm.mio.osupytheas.fr\/wp-content\/uploads\/2024\/10\/20190911_150416-1536x2048.jpg 1536w, https:\/\/sslamm.mio.osupytheas.fr\/wp-content\/uploads\/2024\/10\/20190911_150416-scaled.jpg 1920w\" sizes=\"auto, (max-width: 768px) 100vw, 768px\" \/><\/figure>\n\n\n\n<figure class=\"wp-block-gallery has-nested-images columns-default is-cropped wp-block-gallery-2 is-layout-flex wp-block-gallery-is-layout-flex\">\n<figure class=\"wp-block-image size-large\"><img loading=\"lazy\" decoding=\"async\" width=\"768\" height=\"1024\" data-id=\"385\" src=\"https:\/\/sslamm.mio.osupytheas.fr\/wp-content\/uploads\/2024\/10\/20190919_110829-768x1024.jpg\" alt=\"\" class=\"wp-image-385\" srcset=\"https:\/\/sslamm.mio.osupytheas.fr\/wp-content\/uploads\/2024\/10\/20190919_110829-768x1024.jpg 768w, https:\/\/sslamm.mio.osupytheas.fr\/wp-content\/uploads\/2024\/10\/20190919_110829-225x300.jpg 225w, https:\/\/sslamm.mio.osupytheas.fr\/wp-content\/uploads\/2024\/10\/20190919_110829-1152x1536.jpg 1152w, https:\/\/sslamm.mio.osupytheas.fr\/wp-content\/uploads\/2024\/10\/20190919_110829-1536x2048.jpg 1536w, https:\/\/sslamm.mio.osupytheas.fr\/wp-content\/uploads\/2024\/10\/20190919_110829-scaled.jpg 1920w\" sizes=\"auto, (max-width: 768px) 100vw, 768px\" \/><\/figure>\n<\/figure>\n\n\n\n<figure class=\"wp-block-image size-large\"><img loading=\"lazy\" decoding=\"async\" width=\"768\" height=\"1024\" src=\"https:\/\/sslamm.mio.osupytheas.fr\/wp-content\/uploads\/2024\/10\/IMG_20220312_093409-768x1024.jpg\" alt=\"\" class=\"wp-image-402\" srcset=\"https:\/\/sslamm.mio.osupytheas.fr\/wp-content\/uploads\/2024\/10\/IMG_20220312_093409-768x1024.jpg 768w, https:\/\/sslamm.mio.osupytheas.fr\/wp-content\/uploads\/2024\/10\/IMG_20220312_093409-225x300.jpg 225w, https:\/\/sslamm.mio.osupytheas.fr\/wp-content\/uploads\/2024\/10\/IMG_20220312_093409-1152x1536.jpg 1152w, https:\/\/sslamm.mio.osupytheas.fr\/wp-content\/uploads\/2024\/10\/IMG_20220312_093409-1536x2048.jpg 1536w, https:\/\/sslamm.mio.osupytheas.fr\/wp-content\/uploads\/2024\/10\/IMG_20220312_093409-scaled.jpg 1920w\" sizes=\"auto, (max-width: 768px) 100vw, 768px\" \/><\/figure>\n<\/div>\n\n\n\n<p><\/p>\n","protected":false},"excerpt":{"rendered":"<p>L&#8217;eau de mer est pomp\u00e9e \u00e0 la limite exterieure de la calanque aux cuivres, \u00e0 2 m de la surface sur un fond total de 5m. Un cr\u00e9pine confectionn\u00e9e \u00e0 fa\u00e7on limite l&#8217;aspiration de sacs plastiques ou de feuilles. L&#8217;eau de mer passe ensuite dans la digue, par des tuyaux de diam\u00e8tre 40 mm, prot\u00e9g\u00e9 [&hellip;]<\/p>\n","protected":false},"author":6,"featured_media":0,"parent":0,"menu_order":0,"comment_status":"closed","ping_status":"closed","template":"","meta":{"ocean_post_layout":"","ocean_both_sidebars_style":"","ocean_both_sidebars_content_width":0,"ocean_both_sidebars_sidebars_width":0,"ocean_sidebar":"","ocean_second_sidebar":"","ocean_disable_margins":"enable","ocean_add_body_class":"","ocean_shortcode_before_top_bar":"","ocean_shortcode_after_top_bar":"","ocean_shortcode_before_header":"","ocean_shortcode_after_header":"","ocean_has_shortcode":"","ocean_shortcode_after_title":"","ocean_shortcode_before_footer_widgets":"","ocean_shortcode_after_footer_widgets":"","ocean_shortcode_before_footer_bottom":"","ocean_shortcode_after_footer_bottom":"","ocean_display_top_bar":"default","ocean_display_header":"default","ocean_header_style":"","ocean_center_header_left_menu":"","ocean_custom_header_template":"","ocean_custom_logo":0,"ocean_custom_retina_logo":0,"ocean_custom_logo_max_width":0,"ocean_custom_logo_tablet_max_width":0,"ocean_custom_logo_mobile_max_width":0,"ocean_custom_logo_max_height":0,"ocean_custom_logo_tablet_max_height":0,"ocean_custom_logo_mobile_max_height":0,"ocean_header_custom_menu":"","ocean_menu_typo_font_family":"","ocean_menu_typo_font_subset":"","ocean_menu_typo_font_size":0,"ocean_menu_typo_font_size_tablet":0,"ocean_menu_typo_font_size_mobile":0,"ocean_menu_typo_font_size_unit":"px","ocean_menu_typo_font_weight":"","ocean_menu_typo_font_weight_tablet":"","ocean_menu_typo_font_weight_mobile":"","ocean_menu_typo_transform":"","ocean_menu_typo_transform_tablet":"","ocean_menu_typo_transform_mobile":"","ocean_menu_typo_line_height":0,"ocean_menu_typo_line_height_tablet":0,"ocean_menu_typo_line_height_mobile":0,"ocean_menu_typo_line_height_unit":"","ocean_menu_typo_spacing":0,"ocean_menu_typo_spacing_tablet":0,"ocean_menu_typo_spacing_mobile":0,"ocean_menu_typo_spacing_unit":"","ocean_menu_link_color":"","ocean_menu_link_color_hover":"","ocean_menu_link_color_active":"","ocean_menu_link_background":"","ocean_menu_link_hover_background":"","ocean_menu_link_active_background":"","ocean_menu_social_links_bg":"","ocean_menu_social_hover_links_bg":"","ocean_menu_social_links_color":"","ocean_menu_social_hover_links_color":"","ocean_disable_title":"default","ocean_disable_heading":"default","ocean_post_title":"","ocean_post_subheading":"","ocean_post_title_style":"","ocean_post_title_background_color":"","ocean_post_title_background":0,"ocean_post_title_bg_image_position":"","ocean_post_title_bg_image_attachment":"","ocean_post_title_bg_image_repeat":"","ocean_post_title_bg_image_size":"","ocean_post_title_height":0,"ocean_post_title_bg_overlay":0.5,"ocean_post_title_bg_overlay_color":"","ocean_disable_breadcrumbs":"default","ocean_breadcrumbs_color":"","ocean_breadcrumbs_separator_color":"","ocean_breadcrumbs_links_color":"","ocean_breadcrumbs_links_hover_color":"","ocean_display_footer_widgets":"default","ocean_display_footer_bottom":"default","ocean_custom_footer_template":"","footnotes":""},"class_list":["post-252","page","type-page","status-publish","hentry","entry"],"_links":{"self":[{"href":"https:\/\/sslamm.mio.osupytheas.fr\/index.php?rest_route=\/wp\/v2\/pages\/252","targetHints":{"allow":["GET"]}}],"collection":[{"href":"https:\/\/sslamm.mio.osupytheas.fr\/index.php?rest_route=\/wp\/v2\/pages"}],"about":[{"href":"https:\/\/sslamm.mio.osupytheas.fr\/index.php?rest_route=\/wp\/v2\/types\/page"}],"author":[{"embeddable":true,"href":"https:\/\/sslamm.mio.osupytheas.fr\/index.php?rest_route=\/wp\/v2\/users\/6"}],"replies":[{"embeddable":true,"href":"https:\/\/sslamm.mio.osupytheas.fr\/index.php?rest_route=%2Fwp%2Fv2%2Fcomments&post=252"}],"version-history":[{"count":7,"href":"https:\/\/sslamm.mio.osupytheas.fr\/index.php?rest_route=\/wp\/v2\/pages\/252\/revisions"}],"predecessor-version":[{"id":488,"href":"https:\/\/sslamm.mio.osupytheas.fr\/index.php?rest_route=\/wp\/v2\/pages\/252\/revisions\/488"}],"wp:attachment":[{"href":"https:\/\/sslamm.mio.osupytheas.fr\/index.php?rest_route=%2Fwp%2Fv2%2Fmedia&parent=252"}],"curies":[{"name":"wp","href":"https:\/\/api.w.org\/{rel}","templated":true}]}}