{"id":250,"date":"2024-10-21T11:36:03","date_gmt":"2024-10-21T09:36:03","guid":{"rendered":"https:\/\/sslamm.mio.osupytheas.fr\/?page_id=250"},"modified":"2025-05-28T08:43:21","modified_gmt":"2025-05-28T06:43:21","slug":"comment-fonctionne-le-sslamm-le-labo","status":"publish","type":"page","link":"https:\/\/sslamm.mio.osupytheas.fr\/?page_id=250","title":{"rendered":"Qu&#8217;est ce que le SSLAMM?"},"content":{"rendered":"\n<p>Le <strong>SSL@MM<\/strong> est un <strong>Moyen Commun<\/strong> et laboratoire de recherche appartenant au MIO, et install\u00e9 dans le b\u00e2timent 4 de la station marine d\u2019Endoume. Un r\u00e9seau hydraulique contr\u00f4l\u00e9 permet la distribution d\u2019eau de mer pr\u00e9lev\u00e9 au milieu de la calanque aux cuivres vers le laboratoire, fonctionnant en circuit continu.<\/p>\n\n\n\n<p>L&#8217;eau de mer pomp\u00e9e passe par un r\u00e9seau r\u00e9guli\u00e8rement nettoy\u00e9, dont le d\u00e9bit est contr\u00f4l\u00e9 par l&#8217;utilisation d&#8217;une pompe p\u00e9ristaltique industrielle, et apporte toutes les caract\u00e9ristiques naturelle d&#8217;une eau de mer littorale. Des salles de laboratoires ind\u00e9pendantes, des paillasses ainsi q&#8217;une r\u00e9seau \u00e9lectrique et internet permet de travailler comme dans un navire oc\u00e9anographique avec un pompage continu de l&#8217;eau de mer.<\/p>\n\n\n\n<p>L\u2019acc\u00e8s \u00e0 de l&#8217;eau de mer propre et en continu est une source indispensable pour mettre en place de mani\u00e8re pr\u00e9visionnelle, les protocoles et les instrumentations d&#8217;exp\u00e9riences future en condition isol\u00e9es (sur navire). Il est un lieu parfait pour tester et consolider des capteurs en vue d&#8217;autonomisation et d&#8217;automatisation. L&#8217;objectif su SSL@MM est de mettre \u00e0 disposition un ensemble de fonctionnalit\u00e9 permettant le d\u00e9ploiement d\u2018instruments support de recherche, d\u2019observation, ou de d\u00e9veloppement technique et m\u00e9thodologique.<\/p>\n\n\n\n<p>Il est ouvert aux programmes de recherches et collaborations internationales. Il accueille des \u00e9coles th\u00e9matiques et des workshops nationaux et internationaux<\/p>\n\n\n\n<p>Le SSL@MM est de ce fait aussi un laboratoire de recherche pour la mesure haute fr\u00e9quence et l\u2019automatisation de la mesure des variables atmosph\u00e9riques et oc\u00e9aniques. Des variables environnementales sont ainsi mesur\u00e9es en continue (m\u00e9t\u00e9o, temp\u00e9rature et salinit\u00e9, Sels nutritifs, abondances du phytoplancton) et disponibles pour environner d&#8217;autres recherches.<\/p>\n\n\n\n<p>Contact:<\/p>\n\n\n\n<p>sslamm .at. mio.osupytheas.fr<\/p>\n\n\n\n<p><\/p>\n\n\n\n<p>Responsable du Moyen Commun:<\/p>\n\n\n\n<p><strong>Olivier Grosso<\/strong><\/p>\n\n\n\n<p>Conseil scientifique : \u00a0<\/p>\n\n\n\n<p><strong>Melilotus Thyssen- Lars-Eric Heimb\u00fcrger-Boavida<\/strong><\/p>\n\n\n\n<p><\/p>\n\n\n\n<p><\/p>\n","protected":false},"excerpt":{"rendered":"<p>Le SSL@MM est un Moyen Commun et laboratoire de recherche appartenant au MIO, et install\u00e9 dans le b\u00e2timent 4 de la station marine d\u2019Endoume. Un r\u00e9seau hydraulique contr\u00f4l\u00e9 permet la distribution d\u2019eau de mer pr\u00e9lev\u00e9 au milieu de la calanque aux cuivres vers le laboratoire, fonctionnant en circuit continu. L&#8217;eau de mer pomp\u00e9e passe par [&hellip;]<\/p>\n","protected":false},"author":6,"featured_media":0,"parent":0,"menu_order":0,"comment_status":"closed","ping_status":"closed","template":"","meta":{"ocean_post_layout":"","ocean_both_sidebars_style":"","ocean_both_sidebars_content_width":0,"ocean_both_sidebars_sidebars_width":0,"ocean_sidebar":"","ocean_second_sidebar":"","ocean_disable_margins":"enable","ocean_add_body_class":"","ocean_shortcode_before_top_bar":"","ocean_shortcode_after_top_bar":"","ocean_shortcode_before_header":"","ocean_shortcode_after_header":"","ocean_has_shortcode":"","ocean_shortcode_after_title":"","ocean_shortcode_before_footer_widgets":"","ocean_shortcode_after_footer_widgets":"","ocean_shortcode_before_footer_bottom":"","ocean_shortcode_after_footer_bottom":"","ocean_display_top_bar":"default","ocean_display_header":"default","ocean_header_style":"","ocean_center_header_left_menu":"","ocean_custom_header_template":"","ocean_custom_logo":0,"ocean_custom_retina_logo":0,"ocean_custom_logo_max_width":0,"ocean_custom_logo_tablet_max_width":0,"ocean_custom_logo_mobile_max_width":0,"ocean_custom_logo_max_height":0,"ocean_custom_logo_tablet_max_height":0,"ocean_custom_logo_mobile_max_height":0,"ocean_header_custom_menu":"","ocean_menu_typo_font_family":"","ocean_menu_typo_font_subset":"","ocean_menu_typo_font_size":0,"ocean_menu_typo_font_size_tablet":0,"ocean_menu_typo_font_size_mobile":0,"ocean_menu_typo_font_size_unit":"px","ocean_menu_typo_font_weight":"","ocean_menu_typo_font_weight_tablet":"","ocean_menu_typo_font_weight_mobile":"","ocean_menu_typo_transform":"","ocean_menu_typo_transform_tablet":"","ocean_menu_typo_transform_mobile":"","ocean_menu_typo_line_height":0,"ocean_menu_typo_line_height_tablet":0,"ocean_menu_typo_line_height_mobile":0,"ocean_menu_typo_line_height_unit":"","ocean_menu_typo_spacing":0,"ocean_menu_typo_spacing_tablet":0,"ocean_menu_typo_spacing_mobile":0,"ocean_menu_typo_spacing_unit":"","ocean_menu_link_color":"","ocean_menu_link_color_hover":"","ocean_menu_link_color_active":"","ocean_menu_link_background":"","ocean_menu_link_hover_background":"","ocean_menu_link_active_background":"","ocean_menu_social_links_bg":"","ocean_menu_social_hover_links_bg":"","ocean_menu_social_links_color":"","ocean_menu_social_hover_links_color":"","ocean_disable_title":"default","ocean_disable_heading":"default","ocean_post_title":"","ocean_post_subheading":"","ocean_post_title_style":"","ocean_post_title_background_color":"","ocean_post_title_background":0,"ocean_post_title_bg_image_position":"","ocean_post_title_bg_image_attachment":"","ocean_post_title_bg_image_repeat":"","ocean_post_title_bg_image_size":"","ocean_post_title_height":0,"ocean_post_title_bg_overlay":0.5,"ocean_post_title_bg_overlay_color":"","ocean_disable_breadcrumbs":"default","ocean_breadcrumbs_color":"","ocean_breadcrumbs_separator_color":"","ocean_breadcrumbs_links_color":"","ocean_breadcrumbs_links_hover_color":"","ocean_display_footer_widgets":"default","ocean_display_footer_bottom":"default","ocean_custom_footer_template":"","footnotes":""},"class_list":["post-250","page","type-page","status-publish","hentry","entry"],"_links":{"self":[{"href":"https:\/\/sslamm.mio.osupytheas.fr\/index.php?rest_route=\/wp\/v2\/pages\/250","targetHints":{"allow":["GET"]}}],"collection":[{"href":"https:\/\/sslamm.mio.osupytheas.fr\/index.php?rest_route=\/wp\/v2\/pages"}],"about":[{"href":"https:\/\/sslamm.mio.osupytheas.fr\/index.php?rest_route=\/wp\/v2\/types\/page"}],"author":[{"embeddable":true,"href":"https:\/\/sslamm.mio.osupytheas.fr\/index.php?rest_route=\/wp\/v2\/users\/6"}],"replies":[{"embeddable":true,"href":"https:\/\/sslamm.mio.osupytheas.fr\/index.php?rest_route=%2Fwp%2Fv2%2Fcomments&post=250"}],"version-history":[{"count":9,"href":"https:\/\/sslamm.mio.osupytheas.fr\/index.php?rest_route=\/wp\/v2\/pages\/250\/revisions"}],"predecessor-version":[{"id":490,"href":"https:\/\/sslamm.mio.osupytheas.fr\/index.php?rest_route=\/wp\/v2\/pages\/250\/revisions\/490"}],"wp:attachment":[{"href":"https:\/\/sslamm.mio.osupytheas.fr\/index.php?rest_route=%2Fwp%2Fv2%2Fmedia&parent=250"}],"curies":[{"name":"wp","href":"https:\/\/api.w.org\/{rel}","templated":true}]}}