{"id":230,"date":"2024-10-14T14:34:40","date_gmt":"2024-10-14T12:34:40","guid":{"rendered":"https:\/\/sslamm.mio.osupytheas.fr\/?page_id=230"},"modified":"2025-05-28T08:44:38","modified_gmt":"2025-05-28T06:44:38","slug":"accueil","status":"publish","type":"page","link":"https:\/\/sslamm.mio.osupytheas.fr\/","title":{"rendered":"Sea Water Sensing Laboratory @ MIO Marseille"},"content":{"rendered":"\n<h1 class=\"wp-block-heading\">Un Moyen Commun de l&#8217;<a href=\"https:\/\/www.mio.osupytheas.fr\/fr\/\" data-type=\"link\" data-id=\"https:\/\/www.mio.osupytheas.fr\/fr\/\">Institut M\u00e9diterran\u00e9en d&#8217;Oc\u00e9anologie<\/a><\/h1>\n\n\n\n<figure class=\"wp-block-gallery has-nested-images columns-default is-cropped wp-block-gallery-1 is-layout-flex wp-block-gallery-is-layout-flex\">\n<figure class=\"wp-block-image size-large\"><img loading=\"lazy\" decoding=\"async\" width=\"1024\" height=\"534\" data-id=\"194\" src=\"https:\/\/sslamm.mio.osupytheas.fr\/wp-content\/uploads\/2023\/01\/cropped-SSLAMMvuegeneral-LARScopyright-1024x534.png\" alt=\"\" class=\"wp-image-194\" srcset=\"https:\/\/sslamm.mio.osupytheas.fr\/wp-content\/uploads\/2023\/01\/cropped-SSLAMMvuegeneral-LARScopyright-1024x534.png 1024w, https:\/\/sslamm.mio.osupytheas.fr\/wp-content\/uploads\/2023\/01\/cropped-SSLAMMvuegeneral-LARScopyright-300x156.png 300w, https:\/\/sslamm.mio.osupytheas.fr\/wp-content\/uploads\/2023\/01\/cropped-SSLAMMvuegeneral-LARScopyright-768x400.png 768w, https:\/\/sslamm.mio.osupytheas.fr\/wp-content\/uploads\/2023\/01\/cropped-SSLAMMvuegeneral-LARScopyright.png 1500w\" sizes=\"auto, (max-width: 1024px) 100vw, 1024px\" \/><\/figure>\n\n\n\n<figure class=\"wp-block-image size-large\"><img loading=\"lazy\" decoding=\"async\" width=\"1024\" height=\"472\" data-id=\"243\" src=\"https:\/\/sslamm.mio.osupytheas.fr\/wp-content\/uploads\/2024\/10\/20231108_110557-2-1024x472.jpg\" alt=\"\" class=\"wp-image-243\" srcset=\"https:\/\/sslamm.mio.osupytheas.fr\/wp-content\/uploads\/2024\/10\/20231108_110557-2-1024x472.jpg 1024w, https:\/\/sslamm.mio.osupytheas.fr\/wp-content\/uploads\/2024\/10\/20231108_110557-2-300x138.jpg 300w, https:\/\/sslamm.mio.osupytheas.fr\/wp-content\/uploads\/2024\/10\/20231108_110557-2-768x354.jpg 768w, https:\/\/sslamm.mio.osupytheas.fr\/wp-content\/uploads\/2024\/10\/20231108_110557-2-1536x708.jpg 1536w, https:\/\/sslamm.mio.osupytheas.fr\/wp-content\/uploads\/2024\/10\/20231108_110557-2-2048x944.jpg 2048w\" sizes=\"auto, (max-width: 1024px) 100vw, 1024px\" \/><\/figure>\n<\/figure>\n\n\n\n<p>Le SSLAMM (Sea Waters Sensing Laboratory @MIO Marseille) est un laboratoire de pompage d\u2019eau de mer du domaine littoral c\u00f4tier en M\u00e9diterran\u00e9e. Ce laboratoire fourni des paillasses et de l\u2019eau de mer propre pour des exp\u00e9riences et validations de capteur. Pour une description d\u00e9taill\u00e9e, cliquez <a href=\"https:\/\/sslamm.mio.osupytheas.fr\/?page_id=252\" data-type=\"page\" data-id=\"252\">ici<\/a>. <\/p>\n\n\n\n<h3 class=\"wp-block-heading\">Les derniers articles<\/h3>\n\n\n<ul class=\"wp-block-latest-posts__list is-grid columns-3 has-dates has-author wp-block-latest-posts\"><li><a class=\"wp-block-latest-posts__post-title\" href=\"https:\/\/sslamm.mio.osupytheas.fr\/?p=334\">Formation \u00e0 la cytom\u00e9trie en flux de type Cytosense dans le cadre du projet MAP-IO et du SNO OISO et du projet SOPHYAC.<\/a><div class=\"wp-block-latest-posts__post-author\">par Cl\u00e9mentine Gallot<\/div><time datetime=\"2024-10-22T11:47:25+02:00\" class=\"wp-block-latest-posts__post-date\">22 octobre 2024<\/time><\/li>\n<li><a class=\"wp-block-latest-posts__post-title\" href=\"https:\/\/sslamm.mio.osupytheas.fr\/?p=62\">Apr\u00e9s plus de 5 ans de mesures de la communaut\u00e9 phytoplanctonique dans la calanque de la station marine d&#8217;Endoume, le cytom\u00e8tre continue de fonctionner !<\/a><div class=\"wp-block-latest-posts__post-author\">par thyssen<\/div><time datetime=\"2020-01-17T12:19:12+01:00\" class=\"wp-block-latest-posts__post-date\">17 janvier 2020<\/time><\/li>\n<\/ul>\n\n\n<p><\/p>\n","protected":false},"excerpt":{"rendered":"<p>Un Moyen Commun de l&#8217;Institut M\u00e9diterran\u00e9en d&#8217;Oc\u00e9anologie Le SSLAMM (Sea Waters Sensing Laboratory @MIO Marseille) est un laboratoire de pompage d\u2019eau de mer du domaine littoral c\u00f4tier en M\u00e9diterran\u00e9e. Ce laboratoire fourni des paillasses et de l\u2019eau de mer propre pour des exp\u00e9riences et validations de capteur. Pour une description d\u00e9taill\u00e9e, cliquez ici. Les derniers [&hellip;]<\/p>\n","protected":false},"author":4,"featured_media":0,"parent":0,"menu_order":0,"comment_status":"closed","ping_status":"closed","template":"","meta":{"ocean_post_layout":"","ocean_both_sidebars_style":"","ocean_both_sidebars_content_width":0,"ocean_both_sidebars_sidebars_width":0,"ocean_sidebar":"","ocean_second_sidebar":"","ocean_disable_margins":"enable","ocean_add_body_class":"","ocean_shortcode_before_top_bar":"","ocean_shortcode_after_top_bar":"","ocean_shortcode_before_header":"","ocean_shortcode_after_header":"","ocean_has_shortcode":"","ocean_shortcode_after_title":"","ocean_shortcode_before_footer_widgets":"","ocean_shortcode_after_footer_widgets":"","ocean_shortcode_before_footer_bottom":"","ocean_shortcode_after_footer_bottom":"","ocean_display_top_bar":"default","ocean_display_header":"default","ocean_header_style":"","ocean_center_header_left_menu":"","ocean_custom_header_template":"","ocean_custom_logo":0,"ocean_custom_retina_logo":0,"ocean_custom_logo_max_width":0,"ocean_custom_logo_tablet_max_width":0,"ocean_custom_logo_mobile_max_width":0,"ocean_custom_logo_max_height":0,"ocean_custom_logo_tablet_max_height":0,"ocean_custom_logo_mobile_max_height":0,"ocean_header_custom_menu":"","ocean_menu_typo_font_family":"","ocean_menu_typo_font_subset":"","ocean_menu_typo_font_size":0,"ocean_menu_typo_font_size_tablet":0,"ocean_menu_typo_font_size_mobile":0,"ocean_menu_typo_font_size_unit":"px","ocean_menu_typo_font_weight":"","ocean_menu_typo_font_weight_tablet":"","ocean_menu_typo_font_weight_mobile":"","ocean_menu_typo_transform":"","ocean_menu_typo_transform_tablet":"","ocean_menu_typo_transform_mobile":"","ocean_menu_typo_line_height":0,"ocean_menu_typo_line_height_tablet":0,"ocean_menu_typo_line_height_mobile":0,"ocean_menu_typo_line_height_unit":"","ocean_menu_typo_spacing":0,"ocean_menu_typo_spacing_tablet":0,"ocean_menu_typo_spacing_mobile":0,"ocean_menu_typo_spacing_unit":"","ocean_menu_link_color":"","ocean_menu_link_color_hover":"","ocean_menu_link_color_active":"","ocean_menu_link_background":"","ocean_menu_link_hover_background":"","ocean_menu_link_active_background":"","ocean_menu_social_links_bg":"","ocean_menu_social_hover_links_bg":"","ocean_menu_social_links_color":"","ocean_menu_social_hover_links_color":"","ocean_disable_title":"default","ocean_disable_heading":"default","ocean_post_title":"","ocean_post_subheading":"","ocean_post_title_style":"","ocean_post_title_background_color":"","ocean_post_title_background":0,"ocean_post_title_bg_image_position":"","ocean_post_title_bg_image_attachment":"","ocean_post_title_bg_image_repeat":"","ocean_post_title_bg_image_size":"","ocean_post_title_height":0,"ocean_post_title_bg_overlay":0.5,"ocean_post_title_bg_overlay_color":"","ocean_disable_breadcrumbs":"default","ocean_breadcrumbs_color":"","ocean_breadcrumbs_separator_color":"","ocean_breadcrumbs_links_color":"","ocean_breadcrumbs_links_hover_color":"","ocean_display_footer_widgets":"default","ocean_display_footer_bottom":"default","ocean_custom_footer_template":"","footnotes":""},"class_list":["post-230","page","type-page","status-publish","hentry","entry"],"_links":{"self":[{"href":"https:\/\/sslamm.mio.osupytheas.fr\/index.php?rest_route=\/wp\/v2\/pages\/230","targetHints":{"allow":["GET"]}}],"collection":[{"href":"https:\/\/sslamm.mio.osupytheas.fr\/index.php?rest_route=\/wp\/v2\/pages"}],"about":[{"href":"https:\/\/sslamm.mio.osupytheas.fr\/index.php?rest_route=\/wp\/v2\/types\/page"}],"author":[{"embeddable":true,"href":"https:\/\/sslamm.mio.osupytheas.fr\/index.php?rest_route=\/wp\/v2\/users\/4"}],"replies":[{"embeddable":true,"href":"https:\/\/sslamm.mio.osupytheas.fr\/index.php?rest_route=%2Fwp%2Fv2%2Fcomments&post=230"}],"version-history":[{"count":17,"href":"https:\/\/sslamm.mio.osupytheas.fr\/index.php?rest_route=\/wp\/v2\/pages\/230\/revisions"}],"predecessor-version":[{"id":493,"href":"https:\/\/sslamm.mio.osupytheas.fr\/index.php?rest_route=\/wp\/v2\/pages\/230\/revisions\/493"}],"wp:attachment":[{"href":"https:\/\/sslamm.mio.osupytheas.fr\/index.php?rest_route=%2Fwp%2Fv2%2Fmedia&parent=230"}],"curies":[{"name":"wp","href":"https:\/\/api.w.org\/{rel}","templated":true}]}}